{"id":1331,"date":"2018-07-10T11:03:56","date_gmt":"2018-07-10T11:03:56","guid":{"rendered":"http:\/\/localhost\/fmafry\/murskaarajasi\/?page_id=1331"},"modified":"2025-03-18T22:05:19","modified_gmt":"2025-03-18T20:05:19","slug":"home2","status":"publish","type":"page","link":"https:\/\/fmaf.fi\/murskaarajasi\/","title":{"rendered":"Etusivu"},"content":{"rendered":"\t\t<div data-elementor-type=\"wp-post\" data-elementor-id=\"1331\" class=\"elementor elementor-1331\">\n\t\t\t\t\t\t<section class=\"elementor-section elementor-top-section elementor-element elementor-element-88aa90b elementor-section-stretched elementor-section-boxed elementor-section-height-default elementor-section-height-default\" data-id=\"88aa90b\" data-element_type=\"section\" data-settings=\"{&quot;stretch_section&quot;:&quot;section-stretched&quot;}\">\n\t\t\t\t\t\t<div class=\"elementor-container elementor-column-gap-default\">\n\t\t\t\t\t<div class=\"elementor-column elementor-col-50 elementor-top-column elementor-element elementor-element-1f4f690\" data-id=\"1f4f690\" data-element_type=\"column\">\n\t\t\t<div class=\"elementor-widget-wrap elementor-element-populated\">\n\t\t\t\t\t\t<div class=\"elementor-element elementor-element-602d25e elementor-widget elementor-widget-image\" data-id=\"602d25e\" data-element_type=\"widget\" data-widget_type=\"image.default\">\n\t\t\t\t<div class=\"elementor-widget-container\">\n\t\t\t\t\t\t\t\t\t\t\t\t\t<img fetchpriority=\"high\" decoding=\"async\" width=\"570\" height=\"380\" src=\"https:\/\/fmaf.fi\/murskaarajasi\/wp-content\/uploads\/sites\/2\/2025\/02\/Leonardo_Phoenix_10_A_vivid_highenergy_depiction_of_martial_ar_1-2-570x380.jpg\" class=\"attachment-eventalk-size3 size-eventalk-size3 wp-image-3148\" alt=\"\" \/>\t\t\t\t\t\t\t\t\t\t\t\t\t<\/div>\n\t\t\t\t<\/div>\n\t\t\t\t\t<\/div>\n\t\t<\/div>\n\t\t\t\t<div class=\"elementor-column elementor-col-50 elementor-top-column elementor-element elementor-element-d4dc0aa\" data-id=\"d4dc0aa\" data-element_type=\"column\">\n\t\t\t<div class=\"elementor-widget-wrap elementor-element-populated\">\n\t\t\t\t\t\t<div class=\"elementor-element elementor-element-fc2267d elementor-widget-mobile__width-inherit elementor-widget elementor-widget-text-editor\" data-id=\"fc2267d\" data-element_type=\"widget\" data-widget_type=\"text-editor.default\">\n\t\t\t\t<div class=\"elementor-widget-container\">\n\t\t\t\t\t\t\t<h3><span style=\"color: #ffffff\">KUKA MURSKASI ENITEN?<\/span><\/h3><h4><span style=\"color: #ffffff\">MIK\u00c4 KAMPPAILULAJI VOITTI?<\/span><\/h4><p><span style=\"color: #ffffff\"><strong>Kamppailijat ja kilpailijat sek\u00e4 muut\u00a0<\/strong><\/span><\/p><p><span style=\"color: #ffffff\">FMAF:n j\u00e4rjest\u00e4miin Euroopan ja Suomen mestaruuskilpailuihin osallistui noin kuutisenkymment\u00e4 EM kilpailijaa ja parikymment\u00e4 SM kilpailijaa 15.3.2025 Pasilan Urheiluhallissa, Helsingiss\u00e4. Tapahtuma kulki nimell\u00e4 <strong>&#8221;Murskaa rajasi&#8221;<\/strong>, ja virallinen nimi tapahtumalle oli\u00a0<strong>Guinness Breaking Festival 2025<\/strong>. NYT l\u00f6ytyy tulokset alta!\u00a0<\/span><\/p>\t\t\t\t\t\t<\/div>\n\t\t\t\t<\/div>\n\t\t\t\t<div class=\"elementor-element elementor-element-c3cb549 elementor-button-info elementor-align-right elementor-absolute elementor-widget elementor-widget-button\" data-id=\"c3cb549\" data-element_type=\"widget\" data-settings=\"{&quot;_position&quot;:&quot;absolute&quot;}\" data-widget_type=\"button.default\">\n\t\t\t\t<div class=\"elementor-widget-container\">\n\t\t\t\t\t\t\t<div class=\"elementor-button-wrapper\">\n\t\t\t\t\t<a class=\"elementor-button elementor-button-link elementor-size-sm\" href=\"https:\/\/fmaf.fi\/murskaarajasi\/kilpailijoille\/\">\n\t\t\t\t\t\t<span class=\"elementor-button-content-wrapper\">\n\t\t\t\t\t\t\t\t\t<span class=\"elementor-button-text\">LUE LIS\u00c4\u00c4<\/span>\n\t\t\t\t\t<\/span>\n\t\t\t\t\t<\/a>\n\t\t\t\t<\/div>\n\t\t\t\t\t\t<\/div>\n\t\t\t\t<\/div>\n\t\t\t\t\t<\/div>\n\t\t<\/div>\n\t\t\t\t\t<\/div>\n\t\t<\/section>\n\t\t\t\t<section class=\"elementor-section elementor-top-section elementor-element elementor-element-96bece2 elementor-section-boxed elementor-section-height-default elementor-section-height-default\" data-id=\"96bece2\" data-element_type=\"section\">\n\t\t\t\t\t\t<div class=\"elementor-container elementor-column-gap-default\">\n\t\t\t\t\t<div class=\"elementor-column elementor-col-100 elementor-top-column elementor-element elementor-element-7c6bb0b\" data-id=\"7c6bb0b\" data-element_type=\"column\">\n\t\t\t<div class=\"elementor-widget-wrap elementor-element-populated\">\n\t\t\t\t\t\t<div class=\"elementor-element elementor-element-25e9e22 elementor-widget elementor-widget-text-editor\" data-id=\"25e9e22\" data-element_type=\"widget\" data-widget_type=\"text-editor.default\">\n\t\t\t\t<div class=\"elementor-widget-container\">\n\t\t\t\t\t\t\t<h3>TULOKSET\u00a0<\/h3><p>Mukana oli muutama eri kamppailulaji, mm Taekwondo ja Tang Soo Do, sek\u00e4 open ly\u00f6ntivoima ly\u00f6ji\u00e4 ilman lajiharrastusta. Olisi ollut kiva n\u00e4hd\u00e4 kunnon kisaamista eri Martial Arts lajien v\u00e4lill\u00e4, mutta eik\u00f6h\u00e4n seuraavalla kerralla sitten sekin toteudu, eik\u00f6s vain!? KIITOKSIA KAIKILLE KILPAILIJOILLE ja KATSOJILLE ja TERVETULOA ENSI VUONNA MUITAKIN MUKAAN! THANK YOU and WELCOME AGAIN!\u00a0<\/p><p><strong>Erityiskiitokset<\/strong> kilpailun j\u00e4rjest\u00e4misest\u00e4 kuuluu ehdottomasti seuraaville henkil\u00f6ille: Timo Jansson, Kirsi Jansson, Jonathan Jansson, Kalvo Salmus, Vesa Rautaruusu ja Niina Lehtonen ja lis\u00e4ksi muille apureille kuten Petri Al\u00e9n, Leevi Lindfors, Otto Helpi, Henri Virtanen ja muut apurit!\u00a0<\/p>\t\t\t\t\t\t<\/div>\n\t\t\t\t<\/div>\n\t\t\t\t\t<\/div>\n\t\t<\/div>\n\t\t\t\t\t<\/div>\n\t\t<\/section>\n\t\t\t\t<section class=\"elementor-section elementor-top-section elementor-element elementor-element-1b33d33 elementor-section-boxed elementor-section-height-default elementor-section-height-default\" data-id=\"1b33d33\" data-element_type=\"section\">\n\t\t\t\t\t\t<div class=\"elementor-container elementor-column-gap-default\">\n\t\t\t\t\t<div class=\"elementor-column elementor-col-25 elementor-top-column elementor-element elementor-element-cea2cd3\" data-id=\"cea2cd3\" data-element_type=\"column\">\n\t\t\t<div class=\"elementor-widget-wrap elementor-element-populated\">\n\t\t\t\t\t\t<div class=\"elementor-element elementor-element-937b1f4 elementor-widget elementor-widget-image\" data-id=\"937b1f4\" data-element_type=\"widget\" data-widget_type=\"image.default\">\n\t\t\t\t<div class=\"elementor-widget-container\">\n\t\t\t\t\t\t\t\t\t\t\t\t\t<img decoding=\"async\" width=\"635\" height=\"870\" src=\"https:\/\/fmaf.fi\/murskaarajasi\/wp-content\/uploads\/sites\/2\/2025\/03\/Tulokset-15.3.2025-EM-hyppypotku-ja-veitsikasi.jpg\" class=\"attachment-large size-large wp-image-3462\" alt=\"\" srcset=\"https:\/\/fmaf.fi\/murskaarajasi\/wp-content\/uploads\/sites\/2\/2025\/03\/Tulokset-15.3.2025-EM-hyppypotku-ja-veitsikasi.jpg 635w, https:\/\/fmaf.fi\/murskaarajasi\/wp-content\/uploads\/sites\/2\/2025\/03\/Tulokset-15.3.2025-EM-hyppypotku-ja-veitsikasi-219x300.jpg 219w\" sizes=\"(max-width: 635px) 100vw, 635px\" \/>\t\t\t\t\t\t\t\t\t\t\t\t\t<\/div>\n\t\t\t\t<\/div>\n\t\t\t\t\t<\/div>\n\t\t<\/div>\n\t\t\t\t<div class=\"elementor-column elementor-col-25 elementor-top-column elementor-element elementor-element-f71b55b\" data-id=\"f71b55b\" data-element_type=\"column\">\n\t\t\t<div class=\"elementor-widget-wrap elementor-element-populated\">\n\t\t\t\t\t\t<div class=\"elementor-element elementor-element-38a8be7 elementor-widget elementor-widget-image\" data-id=\"38a8be7\" data-element_type=\"widget\" data-widget_type=\"image.default\">\n\t\t\t\t<div class=\"elementor-widget-container\">\n\t\t\t\t\t\t\t\t\t\t\t\t\t<img decoding=\"async\" width=\"631\" height=\"849\" src=\"https:\/\/fmaf.fi\/murskaarajasi\/wp-content\/uploads\/sites\/2\/2025\/03\/Tulokset-15.3.2025-EM-Nyrkkilyonti-ja-Sivupotku.jpg\" class=\"attachment-large size-large wp-image-3463\" alt=\"\" srcset=\"https:\/\/fmaf.fi\/murskaarajasi\/wp-content\/uploads\/sites\/2\/2025\/03\/Tulokset-15.3.2025-EM-Nyrkkilyonti-ja-Sivupotku.jpg 631w, https:\/\/fmaf.fi\/murskaarajasi\/wp-content\/uploads\/sites\/2\/2025\/03\/Tulokset-15.3.2025-EM-Nyrkkilyonti-ja-Sivupotku-223x300.jpg 223w\" sizes=\"(max-width: 631px) 100vw, 631px\" \/>\t\t\t\t\t\t\t\t\t\t\t\t\t<\/div>\n\t\t\t\t<\/div>\n\t\t\t\t\t<\/div>\n\t\t<\/div>\n\t\t\t\t<div class=\"elementor-column elementor-col-25 elementor-top-column elementor-element elementor-element-ea6910d\" data-id=\"ea6910d\" data-element_type=\"column\">\n\t\t\t<div class=\"elementor-widget-wrap elementor-element-populated\">\n\t\t\t\t\t\t<div class=\"elementor-element elementor-element-66e8afe elementor-widget elementor-widget-image\" data-id=\"66e8afe\" data-element_type=\"widget\" data-widget_type=\"image.default\">\n\t\t\t\t<div class=\"elementor-widget-container\">\n\t\t\t\t\t\t\t\t\t\t\t\t\t<img loading=\"lazy\" decoding=\"async\" width=\"514\" height=\"798\" src=\"https:\/\/fmaf.fi\/murskaarajasi\/wp-content\/uploads\/sites\/2\/2025\/03\/Tulokset-15.3.2025-EM-rata-joukkue-SM-lyonnit-ja-GWRt.jpg\" class=\"attachment-large size-large wp-image-3464\" alt=\"\" srcset=\"https:\/\/fmaf.fi\/murskaarajasi\/wp-content\/uploads\/sites\/2\/2025\/03\/Tulokset-15.3.2025-EM-rata-joukkue-SM-lyonnit-ja-GWRt.jpg 514w, https:\/\/fmaf.fi\/murskaarajasi\/wp-content\/uploads\/sites\/2\/2025\/03\/Tulokset-15.3.2025-EM-rata-joukkue-SM-lyonnit-ja-GWRt-193x300.jpg 193w\" sizes=\"(max-width: 514px) 100vw, 514px\" \/>\t\t\t\t\t\t\t\t\t\t\t\t\t<\/div>\n\t\t\t\t<\/div>\n\t\t\t\t\t<\/div>\n\t\t<\/div>\n\t\t\t\t<div class=\"elementor-column elementor-col-25 elementor-top-column elementor-element elementor-element-c7eb8bb\" data-id=\"c7eb8bb\" data-element_type=\"column\">\n\t\t\t<div class=\"elementor-widget-wrap elementor-element-populated\">\n\t\t\t\t\t\t<div class=\"elementor-element elementor-element-4d68abe elementor-widget elementor-widget-image\" data-id=\"4d68abe\" data-element_type=\"widget\" data-widget_type=\"image.default\">\n\t\t\t\t<div class=\"elementor-widget-container\">\n\t\t\t\t\t\t\t\t\t\t\t\t\t<img loading=\"lazy\" decoding=\"async\" width=\"819\" height=\"1024\" src=\"https:\/\/fmaf.fi\/murskaarajasi\/wp-content\/uploads\/sites\/2\/2025\/03\/guinness-breaking-festival-some-1080x1350-EM-ja-SM-lisattyna-819x1024.jpg\" class=\"attachment-large size-large wp-image-3377\" alt=\"\" srcset=\"https:\/\/fmaf.fi\/murskaarajasi\/wp-content\/uploads\/sites\/2\/2025\/03\/guinness-breaking-festival-some-1080x1350-EM-ja-SM-lisattyna-819x1024.jpg 819w, https:\/\/fmaf.fi\/murskaarajasi\/wp-content\/uploads\/sites\/2\/2025\/03\/guinness-breaking-festival-some-1080x1350-EM-ja-SM-lisattyna-240x300.jpg 240w, https:\/\/fmaf.fi\/murskaarajasi\/wp-content\/uploads\/sites\/2\/2025\/03\/guinness-breaking-festival-some-1080x1350-EM-ja-SM-lisattyna.jpg 1080w\" sizes=\"(max-width: 819px) 100vw, 819px\" \/>\t\t\t\t\t\t\t\t\t\t\t\t\t<\/div>\n\t\t\t\t<\/div>\n\t\t\t\t\t<\/div>\n\t\t<\/div>\n\t\t\t\t\t<\/div>\n\t\t<\/section>\n\t\t\t\t<\/div>\n\t\t","protected":false},"excerpt":{"rendered":"<p>KUKA MURSKASI ENITEN? MIK\u00c4 KAMPPAILULAJI VOITTI? Kamppailijat ja kilpailijat sek\u00e4 muut\u00a0 FMAF:n j\u00e4rjest\u00e4miin Euroopan ja Suomen mestaruuskilpailuihin osallistui noin kuutisenkymment\u00e4 EM kilpailijaa ja parikymment\u00e4 SM kilpailijaa 15.3.2025 Pasilan Urheiluhallissa, Helsingiss\u00e4. Tapahtuma kulki nimell\u00e4 &#8221;Murskaa rajasi&#8221;, ja virallinen nimi tapahtumalle oli\u00a0Guinness Breaking Festival 2025. NYT l\u00f6ytyy tulokset alta!\u00a0 LUE LIS\u00c4\u00c4 TULOKSET\u00a0 Mukana oli muutama eri kamppailulaji,&#8230;<\/p>\n","protected":false},"author":1,"featured_media":0,"parent":0,"menu_order":0,"comment_status":"closed","ping_status":"closed","template":"","meta":{"footnotes":""},"class_list":["post-1331","page","type-page","status-publish","hentry"],"_links":{"self":[{"href":"https:\/\/fmaf.fi\/murskaarajasi\/wp-json\/wp\/v2\/pages\/1331","targetHints":{"allow":["GET"]}}],"collection":[{"href":"https:\/\/fmaf.fi\/murskaarajasi\/wp-json\/wp\/v2\/pages"}],"about":[{"href":"https:\/\/fmaf.fi\/murskaarajasi\/wp-json\/wp\/v2\/types\/page"}],"author":[{"embeddable":true,"href":"https:\/\/fmaf.fi\/murskaarajasi\/wp-json\/wp\/v2\/users\/1"}],"replies":[{"embeddable":true,"href":"https:\/\/fmaf.fi\/murskaarajasi\/wp-json\/wp\/v2\/comments?post=1331"}],"version-history":[{"count":112,"href":"https:\/\/fmaf.fi\/murskaarajasi\/wp-json\/wp\/v2\/pages\/1331\/revisions"}],"predecessor-version":[{"id":3480,"href":"https:\/\/fmaf.fi\/murskaarajasi\/wp-json\/wp\/v2\/pages\/1331\/revisions\/3480"}],"wp:attachment":[{"href":"https:\/\/fmaf.fi\/murskaarajasi\/wp-json\/wp\/v2\/media?parent=1331"}],"curies":[{"name":"wp","href":"https:\/\/api.w.org\/{rel}","templated":true}]}}