{"id":3044,"date":"2025-01-13T09:17:47","date_gmt":"2025-01-13T07:17:47","guid":{"rendered":"http:\/\/localhost\/fmaf\/murskaarajasi\/?page_id=3044"},"modified":"2025-03-13T15:44:31","modified_gmt":"2025-03-13T13:44:31","slug":"kilpailijoille","status":"publish","type":"page","link":"https:\/\/fmaf.fi\/murskaarajasi\/kilpailijoille\/","title":{"rendered":"Kilpailijoille"},"content":{"rendered":"\t\t<div data-elementor-type=\"wp-page\" data-elementor-id=\"3044\" class=\"elementor elementor-3044\">\n\t\t\t\t\t\t<section class=\"elementor-section elementor-top-section elementor-element elementor-element-874e4db elementor-section-boxed elementor-section-height-default elementor-section-height-default\" data-id=\"874e4db\" data-element_type=\"section\">\n\t\t\t\t\t\t<div class=\"elementor-container elementor-column-gap-default\">\n\t\t\t\t\t<div class=\"elementor-column elementor-col-100 elementor-top-column elementor-element elementor-element-c08699c\" data-id=\"c08699c\" data-element_type=\"column\">\n\t\t\t<div class=\"elementor-widget-wrap elementor-element-populated\">\n\t\t\t\t\t\t<div class=\"elementor-element elementor-element-073c009 elementor-widget elementor-widget-heading\" data-id=\"073c009\" data-element_type=\"widget\" data-widget_type=\"heading.default\">\n\t\t\t\t<div class=\"elementor-widget-container\">\n\t\t\t<h2 class=\"elementor-heading-title elementor-size-default\">Kilpailijoille<\/h2>\t\t<\/div>\n\t\t\t\t<\/div>\n\t\t\t\t\t<\/div>\n\t\t<\/div>\n\t\t\t\t\t<\/div>\n\t\t<\/section>\n\t\t\t\t<section class=\"elementor-section elementor-top-section elementor-element elementor-element-27af460 elementor-section-boxed elementor-section-height-default elementor-section-height-default\" data-id=\"27af460\" data-element_type=\"section\">\n\t\t\t\t\t\t<div class=\"elementor-container elementor-column-gap-default\">\n\t\t\t\t\t<div class=\"elementor-column elementor-col-100 elementor-top-column elementor-element elementor-element-3859e86\" data-id=\"3859e86\" data-element_type=\"column\">\n\t\t\t<div class=\"elementor-widget-wrap elementor-element-populated\">\n\t\t\t\t\t\t<div class=\"elementor-element elementor-element-b27d27c elementor-widget elementor-widget-text-editor\" data-id=\"b27d27c\" data-element_type=\"widget\" data-widget_type=\"text-editor.default\">\n\t\t\t\t<div class=\"elementor-widget-container\">\n\t\t\t\t\t\t\t<h4 style=\"text-align: center\">Kutsu EM kilpailuihin 15.03.2025<\/h4><p>Kilpailijat, tervetuloa osallistumaan FMAF:n j\u00e4rjest\u00e4miin Euroopan ja Suomen mestaruuskilpailuihin, jotka pidet\u00e4\u00e4n 15.3.2025 Pasilan Urheiluhallilla, radiokatu 22, 00240 Helsinki. Tapahtuma kantaa nime\u00e4 &#8221;Murskaa Rajasi&#8221;, ja siihen sis\u00e4ltyy Guinness Breaking Festival. Kisassa on tarjolla sarjoja kaikenik\u00e4isille ja -tasoisille kilpailijoille*).<\/p><p><strong>EM-kilpailuihin<\/strong> voivat osallistua Euroopassa asuvat KAMPPAILULAJI kilpailijat. Ulkomailta osallistujien on esitett\u00e4v\u00e4 passi kilpailuun osallistuessaan. Voimaly\u00f6nnin <strong>SM-kilpailut <\/strong>on Open eli avoin kaikille ihmisille jopa yleis\u00f6lle ja j\u00e4rjest\u00e4jille, esiintyjille ja aivan kaikille jotka haluaa kokeilla ly\u00f6nti\u00e4!\u00a0<\/p><h4 style=\"text-align: center\">Ilmoittautuminen<\/h4><p>Ilmoittautuminen kilpailuun tulee tehd\u00e4 <b>viimeist\u00e4\u00e4n 13.3.2025 klo 23:59<\/b>. Voit ilmoittautua t\u00e4ytt\u00e4m\u00e4ll\u00e4 ilmoittautumislomakkeen ja l\u00e4hett\u00e4m\u00e4ll\u00e4 sen s\u00e4hk\u00f6postitse osoitteeseen\u00a0<a href=\"mailto:breaker@fmaf.fi\" rel=\"noopener\">breaker@fmaf.fi<\/a>. Seura ilmoittautuminen ja lasku seuralle kilpailujen j\u00e4lkeen, er\u00e4p\u00e4iv\u00e4 22.3.2025. Voi maksaa my\u00f6s itse 14.3. 2025 menness\u00e4 oman osallistumis maksun.<\/p><h4 style=\"text-align: center\">Maksaminen<\/h4><p>Maksut tulee suorittaa ilmoittautumisen yhteydess\u00e4. <b>Osallistumismaksu on 40 \u20ac<\/b>, <b>ratamurskaus 50 \u20ac<\/b>, <b>joukkuemaksu 30 \u20ac\/hl\u00f6<\/b> ja <b>lis\u00e4laji 20 \u20ac\/laji.<\/b> Open <b>-voimaly\u00f6ntimaksu on 30 \u20ac<\/b>\u00a0Maksuohjeet ja tilinumeron l\u00f6yd\u00e4t alla olevaasta ilmoittautumislomakkeesta REKISTER\u00d6INTI.<\/p><p>Osallistumismaksun voi suorittaa <b>FI9279977992905955<\/b> HOLVFIHH saaja Finnish Martial Arts Federation ry, kiitoksia ilmoittautumisesta!<\/p>\t\t\t\t\t\t<\/div>\n\t\t\t\t<\/div>\n\t\t\t\t\t<\/div>\n\t\t<\/div>\n\t\t\t\t\t<\/div>\n\t\t<\/section>\n\t\t\t\t<section class=\"elementor-section elementor-top-section elementor-element elementor-element-cdead2e elementor-section-boxed elementor-section-height-default elementor-section-height-default\" data-id=\"cdead2e\" data-element_type=\"section\">\n\t\t\t\t\t\t<div class=\"elementor-container elementor-column-gap-default\">\n\t\t\t\t\t<div class=\"elementor-column elementor-col-25 elementor-top-column elementor-element elementor-element-f01180b\" data-id=\"f01180b\" data-element_type=\"column\">\n\t\t\t<div class=\"elementor-widget-wrap\">\n\t\t\t\t\t\t\t<\/div>\n\t\t<\/div>\n\t\t\t\t<div class=\"elementor-column elementor-col-50 elementor-top-column elementor-element elementor-element-8c3f751\" data-id=\"8c3f751\" data-element_type=\"column\">\n\t\t\t<div class=\"elementor-widget-wrap elementor-element-populated\">\n\t\t\t\t\t\t<div class=\"elementor-element elementor-element-f604586 elementor-widget elementor-widget-text-editor\" data-id=\"f604586\" data-element_type=\"widget\" data-widget_type=\"text-editor.default\">\n\t\t\t\t<div class=\"elementor-widget-container\">\n\t\t\t\t\t\t\t<h4 style=\"text-align: center\"><strong>SM-kisamaksut<\/strong><\/h4><table><tbody><tr><td>&#8211; Voimaly\u00f6ntimaksu (sis\u00e4lt\u00e4\u00e4 3 ly\u00f6nti\u00e4)<\/td><td>30 \u20ac<\/td><\/tr><\/tbody><\/table>\t\t\t\t\t\t<\/div>\n\t\t\t\t<\/div>\n\t\t\t\t\t<\/div>\n\t\t<\/div>\n\t\t\t\t<div class=\"elementor-column elementor-col-25 elementor-top-column elementor-element elementor-element-2218b56\" data-id=\"2218b56\" data-element_type=\"column\">\n\t\t\t<div class=\"elementor-widget-wrap\">\n\t\t\t\t\t\t\t<\/div>\n\t\t<\/div>\n\t\t\t\t\t<\/div>\n\t\t<\/section>\n\t\t\t\t<section class=\"elementor-section elementor-top-section elementor-element elementor-element-4cf102e elementor-section-boxed elementor-section-height-default elementor-section-height-default\" data-id=\"4cf102e\" data-element_type=\"section\">\n\t\t\t\t\t\t<div class=\"elementor-container elementor-column-gap-default\">\n\t\t\t\t\t<div class=\"elementor-column elementor-col-25 elementor-top-column elementor-element elementor-element-29724db\" data-id=\"29724db\" data-element_type=\"column\">\n\t\t\t<div class=\"elementor-widget-wrap\">\n\t\t\t\t\t\t\t<\/div>\n\t\t<\/div>\n\t\t\t\t<div class=\"elementor-column elementor-col-50 elementor-top-column elementor-element elementor-element-1346352\" data-id=\"1346352\" data-element_type=\"column\">\n\t\t\t<div class=\"elementor-widget-wrap elementor-element-populated\">\n\t\t\t\t\t\t<div class=\"elementor-element elementor-element-9f9e327 elementor-widget elementor-widget-text-editor\" data-id=\"9f9e327\" data-element_type=\"widget\" data-widget_type=\"text-editor.default\">\n\t\t\t\t<div class=\"elementor-widget-container\">\n\t\t\t\t\t\t\t<h4 style=\"text-align: center\"><strong>EM-kisamaksut<\/strong><\/h4><table><tbody><tr><td>&#8211; Murskaus osallistumismaksu<\/td><td>40 \u20ac<\/td><\/tr><tr><td>\u00a0 \u00a0&#8211; Lis\u00e4laji<\/td><td>20 \u20ac<\/td><\/tr><tr><td>&#8211; Ratamurskaus maksu<\/td><td>50 \u20ac<\/td><\/tr><tr><td><p>&#8211; Joukkuelaji maksu\/hl\u00f6<\/p><p>\u00a0<\/p><\/td><td><p>30 \u20ac<\/p><p>\u00a0<\/p><\/td><\/tr><\/tbody><\/table>\t\t\t\t\t\t<\/div>\n\t\t\t\t<\/div>\n\t\t\t\t\t<\/div>\n\t\t<\/div>\n\t\t\t\t<div class=\"elementor-column elementor-col-25 elementor-top-column elementor-element elementor-element-1acddc2\" data-id=\"1acddc2\" data-element_type=\"column\">\n\t\t\t<div class=\"elementor-widget-wrap\">\n\t\t\t\t\t\t\t<\/div>\n\t\t<\/div>\n\t\t\t\t\t<\/div>\n\t\t<\/section>\n\t\t\t\t<section class=\"elementor-section elementor-top-section elementor-element elementor-element-81acdc0 elementor-section-boxed elementor-section-height-default elementor-section-height-default\" data-id=\"81acdc0\" data-element_type=\"section\">\n\t\t\t\t\t\t<div class=\"elementor-container elementor-column-gap-default\">\n\t\t\t\t\t<div class=\"elementor-column elementor-col-100 elementor-top-column elementor-element elementor-element-74b8a9d\" data-id=\"74b8a9d\" data-element_type=\"column\">\n\t\t\t<div class=\"elementor-widget-wrap elementor-element-populated\">\n\t\t\t\t\t\t<div class=\"elementor-element elementor-element-e084834 elementor-widget elementor-widget-text-editor\" data-id=\"e084834\" data-element_type=\"widget\" data-widget_type=\"text-editor.default\">\n\t\t\t\t<div class=\"elementor-widget-container\">\n\t\t\t\t\t\t\t<h4><span style=\"font-size: 20pt;font-family: Aptos;color: white;background: red;font-weight: bold\">EM MURSKAUSKILPAILUIHIN <\/span><span style=\"font-size: 20pt;font-family: Aptos;color: white;background: red;font-weight: bold\">KILPAILIJOILLE <\/span><span style=\"font-size: 20pt;font-family: Aptos;color: white;background: red;font-weight: bold\">SIS\u00c4LTYY :<\/span><\/h4><p><span style=\"color: #1d1d1d;font-family: Aptos;font-size: 12pt;font-weight: bold;letter-spacing: 0pt\">Osallistumisoikeuden Euroopan (EM) mestaruuskisoihin<\/span><span style=\"color: #1d1d1d;font-family: Aptos;font-size: 12pt;letter-spacing: 0pt\"><br \/><\/span><span style=\"color: #1d1d1d;font-family: Aptos;font-size: 12pt;font-weight: bold;letter-spacing: 0pt\">Omat naisten ja miesten pukuhuoneet kilpailijoille<br \/><\/span><span style=\"color: #1d1d1d;font-family: Aptos;font-size: 12pt;letter-spacing: 0pt\"><strong>Areena tason kilpailut ja tuomarit sek\u00e4 kisasis\u00e4lt\u00f6<\/strong><br \/><\/span><span style=\"color: #1d1d1d;font-family: Aptos;font-size: 12pt;font-weight: bold;letter-spacing: 0pt\">Sis\u00e4lt\u00e4\u00e4 kaikki murskauslevyt omassa suorituksessa<br \/><\/span><span style=\"color: #1d1d1d;font-family: Aptos;font-size: 12pt;letter-spacing: 0pt\"><strong>Kilpailuosallistumisesta kaikille kisaajille Diplomi<\/strong><br \/><\/span><span style=\"font-size: 12pt;font-family: Aptos;color: #1d1d1d;letter-spacing: 0pt;font-weight: bold;vertical-align: baseline\">Esitykset, <\/span><span style=\"font-size: 12pt;font-family: Aptos;color: #1d1d1d;letter-spacing: 0pt;font-weight: bold;vertical-align: baseline\">st\u00e4ndit<\/span><span style=\"font-size: 12pt;font-family: Aptos;color: #1d1d1d;letter-spacing: 0pt;font-weight: bold;vertical-align: baseline\">, mahdollisuuden p\u00e4\u00e4st\u00e4 mediaan<br \/><\/span><span style=\"color: #1d1d1d;font-family: Aptos;font-size: 12pt;letter-spacing: 0pt\"><strong>Mahdollisuuden osallistua SM voimaly\u00f6ntikisaan<\/strong><br \/><\/span><span style=\"color: #1d1d1d;font-family: Aptos;font-size: 12pt;font-weight: bold;letter-spacing: 0pt;text-indent: -0.31in\">Istumapaikan kilpailijoiden katsomossa<\/span><\/p>\t\t\t\t\t\t<\/div>\n\t\t\t\t<\/div>\n\t\t\t\t\t<\/div>\n\t\t<\/div>\n\t\t\t\t\t<\/div>\n\t\t<\/section>\n\t\t\t\t<section class=\"elementor-section elementor-top-section elementor-element elementor-element-f260e12 elementor-section-boxed elementor-section-height-default elementor-section-height-default\" data-id=\"f260e12\" data-element_type=\"section\">\n\t\t\t\t\t\t<div class=\"elementor-container elementor-column-gap-default\">\n\t\t\t\t\t<div class=\"elementor-column elementor-col-33 elementor-top-column elementor-element elementor-element-65b9c69\" data-id=\"65b9c69\" data-element_type=\"column\">\n\t\t\t<div class=\"elementor-widget-wrap elementor-element-populated\">\n\t\t\t\t\t\t<div class=\"elementor-element elementor-element-99ed099 elementor-widget elementor-widget-image\" data-id=\"99ed099\" data-element_type=\"widget\" data-widget_type=\"image.default\">\n\t\t\t\t<div class=\"elementor-widget-container\">\n\t\t\t\t\t\t\t\t\t\t\t\t\t<img fetchpriority=\"high\" decoding=\"async\" width=\"819\" height=\"1024\" src=\"https:\/\/fmaf.fi\/murskaarajasi\/wp-content\/uploads\/sites\/2\/2025\/03\/guinness-breaking-festival-some-1080x1350-EM-ja-SM-lisattyna-819x1024.jpg\" class=\"attachment-large size-large wp-image-3377\" alt=\"\" srcset=\"https:\/\/fmaf.fi\/murskaarajasi\/wp-content\/uploads\/sites\/2\/2025\/03\/guinness-breaking-festival-some-1080x1350-EM-ja-SM-lisattyna-819x1024.jpg 819w, https:\/\/fmaf.fi\/murskaarajasi\/wp-content\/uploads\/sites\/2\/2025\/03\/guinness-breaking-festival-some-1080x1350-EM-ja-SM-lisattyna-240x300.jpg 240w, https:\/\/fmaf.fi\/murskaarajasi\/wp-content\/uploads\/sites\/2\/2025\/03\/guinness-breaking-festival-some-1080x1350-EM-ja-SM-lisattyna.jpg 1080w\" sizes=\"(max-width: 819px) 100vw, 819px\" \/>\t\t\t\t\t\t\t\t\t\t\t\t\t<\/div>\n\t\t\t\t<\/div>\n\t\t\t\t\t<\/div>\n\t\t<\/div>\n\t\t\t\t<div class=\"elementor-column elementor-col-33 elementor-top-column elementor-element elementor-element-0aab1c5\" data-id=\"0aab1c5\" data-element_type=\"column\">\n\t\t\t<div class=\"elementor-widget-wrap elementor-element-populated\">\n\t\t\t\t\t\t<div class=\"elementor-element elementor-element-7e8d00f elementor-widget elementor-widget-image\" data-id=\"7e8d00f\" data-element_type=\"widget\" data-widget_type=\"image.default\">\n\t\t\t\t<div class=\"elementor-widget-container\">\n\t\t\t\t\t\t\t\t\t\t\t\t\t<img decoding=\"async\" width=\"545\" height=\"790\" src=\"https:\/\/fmaf.fi\/murskaarajasi\/wp-content\/uploads\/sites\/2\/2025\/03\/Murskaa-rajasi-kutsu-flyer-10.3.2025.jpg\" class=\"attachment-large size-large wp-image-3410\" alt=\"\" srcset=\"https:\/\/fmaf.fi\/murskaarajasi\/wp-content\/uploads\/sites\/2\/2025\/03\/Murskaa-rajasi-kutsu-flyer-10.3.2025.jpg 545w, https:\/\/fmaf.fi\/murskaarajasi\/wp-content\/uploads\/sites\/2\/2025\/03\/Murskaa-rajasi-kutsu-flyer-10.3.2025-207x300.jpg 207w\" sizes=\"(max-width: 545px) 100vw, 545px\" \/>\t\t\t\t\t\t\t\t\t\t\t\t\t<\/div>\n\t\t\t\t<\/div>\n\t\t\t\t\t<\/div>\n\t\t<\/div>\n\t\t\t\t<div class=\"elementor-column elementor-col-33 elementor-top-column elementor-element elementor-element-58c4efd\" data-id=\"58c4efd\" data-element_type=\"column\">\n\t\t\t<div class=\"elementor-widget-wrap elementor-element-populated\">\n\t\t\t\t\t\t<div class=\"elementor-element elementor-element-9018053 elementor-widget elementor-widget-image\" data-id=\"9018053\" data-element_type=\"widget\" data-widget_type=\"image.default\">\n\t\t\t\t<div class=\"elementor-widget-container\">\n\t\t\t\t\t\t\t\t\t\t\t\t\t<img decoding=\"async\" width=\"763\" height=\"1024\" src=\"https:\/\/fmaf.fi\/murskaarajasi\/wp-content\/uploads\/sites\/2\/2025\/03\/Aikataulut-murskaa-rajasi-8.3.2025-763x1024.jpg\" class=\"attachment-large size-large wp-image-3373\" alt=\"\" srcset=\"https:\/\/fmaf.fi\/murskaarajasi\/wp-content\/uploads\/sites\/2\/2025\/03\/Aikataulut-murskaa-rajasi-8.3.2025-763x1024.jpg 763w, https:\/\/fmaf.fi\/murskaarajasi\/wp-content\/uploads\/sites\/2\/2025\/03\/Aikataulut-murskaa-rajasi-8.3.2025-223x300.jpg 223w, https:\/\/fmaf.fi\/murskaarajasi\/wp-content\/uploads\/sites\/2\/2025\/03\/Aikataulut-murskaa-rajasi-8.3.2025.jpg 1079w\" sizes=\"(max-width: 763px) 100vw, 763px\" \/>\t\t\t\t\t\t\t\t\t\t\t\t\t<\/div>\n\t\t\t\t<\/div>\n\t\t\t\t\t<\/div>\n\t\t<\/div>\n\t\t\t\t\t<\/div>\n\t\t<\/section>\n\t\t\t\t<section class=\"elementor-section elementor-top-section elementor-element elementor-element-368d7e7 elementor-section-boxed elementor-section-height-default elementor-section-height-default\" data-id=\"368d7e7\" data-element_type=\"section\">\n\t\t\t\t\t\t<div class=\"elementor-container elementor-column-gap-default\">\n\t\t\t\t\t<div class=\"elementor-column elementor-col-100 elementor-top-column elementor-element elementor-element-9ec6c58\" data-id=\"9ec6c58\" data-element_type=\"column\">\n\t\t\t<div class=\"elementor-widget-wrap elementor-element-populated\">\n\t\t\t\t\t\t<div class=\"elementor-element elementor-element-615d1ef elementor-widget elementor-widget-image\" data-id=\"615d1ef\" data-element_type=\"widget\" data-widget_type=\"image.default\">\n\t\t\t\t<div class=\"elementor-widget-container\">\n\t\t\t\t\t\t\t\t\t\t\t\t\t<img loading=\"lazy\" decoding=\"async\" width=\"1024\" height=\"730\" src=\"https:\/\/fmaf.fi\/murskaarajasi\/wp-content\/uploads\/sites\/2\/2025\/03\/Seuran-ilmoittautuminen-1-1024x730.jpg\" class=\"attachment-large size-large wp-image-3372\" alt=\"\" srcset=\"https:\/\/fmaf.fi\/murskaarajasi\/wp-content\/uploads\/sites\/2\/2025\/03\/Seuran-ilmoittautuminen-1-1024x730.jpg 1024w, https:\/\/fmaf.fi\/murskaarajasi\/wp-content\/uploads\/sites\/2\/2025\/03\/Seuran-ilmoittautuminen-1-300x214.jpg 300w, https:\/\/fmaf.fi\/murskaarajasi\/wp-content\/uploads\/sites\/2\/2025\/03\/Seuran-ilmoittautuminen-1-270x192.jpg 270w, https:\/\/fmaf.fi\/murskaarajasi\/wp-content\/uploads\/sites\/2\/2025\/03\/Seuran-ilmoittautuminen-1.jpg 1100w\" sizes=\"(max-width: 1024px) 100vw, 1024px\" \/>\t\t\t\t\t\t\t\t\t\t\t\t\t<\/div>\n\t\t\t\t<\/div>\n\t\t\t\t\t<\/div>\n\t\t<\/div>\n\t\t\t\t\t<\/div>\n\t\t<\/section>\n\t\t\t\t<section class=\"elementor-section elementor-top-section elementor-element elementor-element-0f3e646 elementor-section-boxed elementor-section-height-default elementor-section-height-default\" data-id=\"0f3e646\" data-element_type=\"section\">\n\t\t\t\t\t\t<div class=\"elementor-container elementor-column-gap-default\">\n\t\t\t\t\t<div class=\"elementor-column elementor-col-100 elementor-top-column elementor-element elementor-element-0bb767f\" data-id=\"0bb767f\" data-element_type=\"column\">\n\t\t\t<div class=\"elementor-widget-wrap elementor-element-populated\">\n\t\t\t\t\t\t<div class=\"elementor-element elementor-element-9bc1bef elementor-widget elementor-widget-image\" data-id=\"9bc1bef\" data-element_type=\"widget\" data-widget_type=\"image.default\">\n\t\t\t\t<div class=\"elementor-widget-container\">\n\t\t\t\t\t\t\t\t\t\t\t\t\t<img loading=\"lazy\" decoding=\"async\" width=\"634\" height=\"894\" src=\"https:\/\/fmaf.fi\/murskaarajasi\/wp-content\/uploads\/sites\/2\/2025\/02\/REKISTEROINTI-REGISTRATION-15.3.2025.jpg\" class=\"attachment-large size-large wp-image-3232\" alt=\"\" srcset=\"https:\/\/fmaf.fi\/murskaarajasi\/wp-content\/uploads\/sites\/2\/2025\/02\/REKISTEROINTI-REGISTRATION-15.3.2025.jpg 634w, https:\/\/fmaf.fi\/murskaarajasi\/wp-content\/uploads\/sites\/2\/2025\/02\/REKISTEROINTI-REGISTRATION-15.3.2025-213x300.jpg 213w\" sizes=\"(max-width: 634px) 100vw, 634px\" \/>\t\t\t\t\t\t\t\t\t\t\t\t\t<\/div>\n\t\t\t\t<\/div>\n\t\t\t\t\t<\/div>\n\t\t<\/div>\n\t\t\t\t\t<\/div>\n\t\t<\/section>\n\t\t\t\t<section class=\"elementor-section elementor-top-section elementor-element elementor-element-54df1b4 elementor-section-boxed elementor-section-height-default elementor-section-height-default\" data-id=\"54df1b4\" data-element_type=\"section\">\n\t\t\t\t\t\t<div class=\"elementor-container elementor-column-gap-default\">\n\t\t\t\t\t<div class=\"elementor-column elementor-col-100 elementor-top-column elementor-element elementor-element-6d070bf\" data-id=\"6d070bf\" data-element_type=\"column\">\n\t\t\t<div class=\"elementor-widget-wrap elementor-element-populated\">\n\t\t\t\t\t\t<div class=\"elementor-element elementor-element-eaf4090 elementor-widget elementor-widget-text-editor\" data-id=\"eaf4090\" data-element_type=\"widget\" data-widget_type=\"text-editor.default\">\n\t\t\t\t<div class=\"elementor-widget-container\">\n\t\t\t\t\t\t\t<p><a href=\"https:\/\/fmaf.fi\/murskaarajasi\/wp-content\/uploads\/sites\/2\/2025\/03\/Finnish-Martial-Arts-Federation-MURSKAUSKILPAILUN-SAANNOT-2025-V2.1-FIN.pdf\">Finnish Martial Arts Federation MURSKAUSKILPAILUN S\u00c4\u00c4NN\u00d6T 2025 V2.1 FIN<\/a>\u00a0 \u00a0 \u00a0 \u00a0 \u00a0 \u00a0 \u00a0 \u00a0 \u00a0 \u00a0 \u00a0 \u00a0 \u00a0 \u00a0 MURSKAUSKILPAILUN S\u00c4\u00c4NN\u00d6T p\u00e4ivitetty 10.3.2025\u00a0<\/p>\t\t\t\t\t\t<\/div>\n\t\t\t\t<\/div>\n\t\t\t\t\t<\/div>\n\t\t<\/div>\n\t\t\t\t\t<\/div>\n\t\t<\/section>\n\t\t\t\t<\/div>\n\t\t","protected":false},"excerpt":{"rendered":"<p>Kilpailijoille Kutsu EM kilpailuihin 15.03.2025 Kilpailijat, tervetuloa osallistumaan FMAF:n j\u00e4rjest\u00e4miin Euroopan ja Suomen mestaruuskilpailuihin, jotka pidet\u00e4\u00e4n 15.3.2025 Pasilan Urheiluhallilla, radiokatu 22, 00240 Helsinki. Tapahtuma kantaa nime\u00e4 &#8221;Murskaa Rajasi&#8221;, ja siihen sis\u00e4ltyy Guinness Breaking Festival. Kisassa on tarjolla sarjoja kaikenik\u00e4isille ja -tasoisille kilpailijoille*). EM-kilpailuihin voivat osallistua Euroopassa asuvat KAMPPAILULAJI kilpailijat. Ulkomailta osallistujien on esitett\u00e4v\u00e4 passi kilpailuun&#8230;<\/p>\n","protected":false},"author":1,"featured_media":0,"parent":0,"menu_order":0,"comment_status":"closed","ping_status":"closed","template":"","meta":{"footnotes":""},"class_list":["post-3044","page","type-page","status-publish","hentry"],"_links":{"self":[{"href":"https:\/\/fmaf.fi\/murskaarajasi\/wp-json\/wp\/v2\/pages\/3044","targetHints":{"allow":["GET"]}}],"collection":[{"href":"https:\/\/fmaf.fi\/murskaarajasi\/wp-json\/wp\/v2\/pages"}],"about":[{"href":"https:\/\/fmaf.fi\/murskaarajasi\/wp-json\/wp\/v2\/types\/page"}],"author":[{"embeddable":true,"href":"https:\/\/fmaf.fi\/murskaarajasi\/wp-json\/wp\/v2\/users\/1"}],"replies":[{"embeddable":true,"href":"https:\/\/fmaf.fi\/murskaarajasi\/wp-json\/wp\/v2\/comments?post=3044"}],"version-history":[{"count":82,"href":"https:\/\/fmaf.fi\/murskaarajasi\/wp-json\/wp\/v2\/pages\/3044\/revisions"}],"predecessor-version":[{"id":3460,"href":"https:\/\/fmaf.fi\/murskaarajasi\/wp-json\/wp\/v2\/pages\/3044\/revisions\/3460"}],"wp:attachment":[{"href":"https:\/\/fmaf.fi\/murskaarajasi\/wp-json\/wp\/v2\/media?parent=3044"}],"curies":[{"name":"wp","href":"https:\/\/api.w.org\/{rel}","templated":true}]}}